{"id":1001,"date":"2024-05-29T22:17:56","date_gmt":"2024-05-30T03:17:56","guid":{"rendered":"https:\/\/zegarrallc.com\/?page_id=1001"},"modified":"2025-04-02T09:59:57","modified_gmt":"2025-04-02T14:59:57","slug":"jazmin-de-la-cruz","status":"publish","type":"page","link":"https:\/\/zegarrallc.com\/en\/equipo\/jazmin-de-la-cruz\/","title":{"rendered":"Jazm\u00edn De la Cruz"},"content":{"rendered":"\t\t<div data-elementor-type=\"wp-page\" data-elementor-id=\"1001\" class=\"elementor elementor-1001\" data-elementor-post-type=\"page\">\n\t\t\t\t<div class=\"elementor-element elementor-element-1aa8456 e-flex e-con-boxed e-con e-parent\" data-id=\"1aa8456\" data-element_type=\"container\" data-e-type=\"container\">\n\t\t\t\t\t<div class=\"e-con-inner\">\n\t\t<div class=\"elementor-element elementor-element-e029674 e-con-full e-flex elementor-invisible e-con e-child\" data-id=\"e029674\" data-element_type=\"container\" data-e-type=\"container\" data-settings=\"{&quot;sticky&quot;:&quot;top&quot;,&quot;sticky_on&quot;:[&quot;desktop&quot;,&quot;tablet&quot;],&quot;sticky_offset&quot;:150,&quot;animation&quot;:&quot;fadeIn&quot;,&quot;sticky_effects_offset&quot;:0,&quot;sticky_anchor_link_offset&quot;:0}\">\n\t\t\t\t<div class=\"elementor-element elementor-element-7c91a10 premium-floating-effects-yes elementor-widget elementor-widget-image\" data-id=\"7c91a10\" data-element_type=\"widget\" data-e-type=\"widget\" data-settings=\"{&quot;premium_fe_trigger&quot;:&quot;load&quot;,&quot;premium_fe_direction&quot;:&quot;alternate&quot;,&quot;premium_fe_loop&quot;:&quot;default&quot;,&quot;premium_fe_easing&quot;:&quot;easeInOutSine&quot;}\" data-widget_type=\"image.default\">\n\t\t\t\t<div class=\"elementor-widget-container\">\n\t\t\t\t\t\t\t\t\t\t\t\t\t\t\t<img loading=\"lazy\" decoding=\"async\" width=\"800\" height=\"1000\" src=\"https:\/\/zegarrallc.com\/wp-content\/uploads\/2024\/06\/Jazmin-De-la-Cruz-1.webp\" class=\"attachment-large size-large wp-image-1100\" alt=\"Jazm\u00edn De la Cruz, Asociada Junior en Zegarra LLC\" srcset=\"https:\/\/zegarrallc.com\/wp-content\/uploads\/2024\/06\/Jazmin-De-la-Cruz-1.webp 800w, https:\/\/zegarrallc.com\/wp-content\/uploads\/2024\/06\/Jazmin-De-la-Cruz-1-240x300.webp 240w, https:\/\/zegarrallc.com\/wp-content\/uploads\/2024\/06\/Jazmin-De-la-Cruz-1-768x960.webp 768w\" sizes=\"auto, (max-width: 800px) 100vw, 800px\" \/>\t\t\t\t\t\t\t\t\t\t\t\t\t\t\t<\/div>\n\t\t\t\t<\/div>\n\t\t\t\t<div class=\"elementor-element elementor-element-f9e6a2d elementor-shape-circle elementor-grid-5 elementor-grid-mobile-5 e-grid-align-mobile-center e-grid-align-center elementor-invisible elementor-widget elementor-widget-social-icons\" data-id=\"f9e6a2d\" data-element_type=\"widget\" data-e-type=\"widget\" data-settings=\"{&quot;_animation&quot;:&quot;fadeIn&quot;}\" data-widget_type=\"social-icons.default\">\n\t\t\t\t<div class=\"elementor-widget-container\">\n\t\t\t\t\t\t\t<div class=\"elementor-social-icons-wrapper elementor-grid\">\n\t\t\t\t\t\t\t<span class=\"elementor-grid-item\">\n\t\t\t\t\t<a class=\"elementor-icon elementor-social-icon elementor-social-icon-linkedin elementor-animation-float elementor-repeater-item-6d479d2\" href=\"https:\/\/www.linkedin.com\/in\/jazmin-de-la-cruz\/\" target=\"_blank\">\n\t\t\t\t\t\t<span class=\"elementor-screen-only\">Linkedin<\/span>\n\t\t\t\t\t\t<i aria-hidden=\"true\" class=\"fab fa-linkedin\"><\/i>\t\t\t\t\t<\/a>\n\t\t\t\t<\/span>\n\t\t\t\t\t<\/div>\n\t\t\t\t\t\t<\/div>\n\t\t\t\t<\/div>\n\t\t\t\t<\/div>\n\t\t<div class=\"elementor-element elementor-element-abedb9c e-con-full e-flex e-con e-child\" data-id=\"abedb9c\" data-element_type=\"container\" data-e-type=\"container\">\n\t\t\t\t<div class=\"elementor-element elementor-element-71fedbd elementor-widget elementor-widget-heading\" data-id=\"71fedbd\" data-element_type=\"widget\" data-e-type=\"widget\" data-widget_type=\"heading.default\">\n\t\t\t\t<div class=\"elementor-widget-container\">\n\t\t\t\t\t<h1 class=\"elementor-heading-title elementor-size-default\">Jazm\u00edn De la Cruz<\/h1>\t\t\t\t<\/div>\n\t\t\t\t<\/div>\n\t\t\t\t<div class=\"elementor-element elementor-element-0a2d908 elementor-widget elementor-widget-heading\" data-id=\"0a2d908\" data-element_type=\"widget\" data-e-type=\"widget\" data-widget_type=\"heading.default\">\n\t\t\t\t<div class=\"elementor-widget-container\">\n\t\t\t\t\t<h2 class=\"elementor-heading-title elementor-size-default\">Asociada junior<\/h2>\t\t\t\t<\/div>\n\t\t\t\t<\/div>\n\t\t\t\t<div class=\"elementor-element elementor-element-2910e60 e-transform elementor-widget elementor-widget-heading\" data-id=\"2910e60\" data-element_type=\"widget\" data-e-type=\"widget\" data-settings=\"{&quot;_transform_scale_effect_hover&quot;:{&quot;unit&quot;:&quot;px&quot;,&quot;size&quot;:1.009,&quot;sizes&quot;:[]},&quot;_transform_scale_effect_hover_tablet&quot;:{&quot;unit&quot;:&quot;px&quot;,&quot;size&quot;:&quot;&quot;,&quot;sizes&quot;:[]},&quot;_transform_scale_effect_hover_mobile&quot;:{&quot;unit&quot;:&quot;px&quot;,&quot;size&quot;:&quot;&quot;,&quot;sizes&quot;:[]}}\" data-widget_type=\"heading.default\">\n\t\t\t\t<div class=\"elementor-widget-container\">\n\t\t\t\t\t<h2 class=\"elementor-heading-title elementor-size-default\"><a href=\"mailto:jazmin.delacruz@zegarrallc.com\">jazmin.delacruz@zegarrallc.com<\/a><\/h2>\t\t\t\t<\/div>\n\t\t\t\t<\/div>\n\t\t\t\t<div class=\"elementor-element elementor-element-28469db elementor-widget elementor-widget-text-editor\" data-id=\"28469db\" data-element_type=\"widget\" data-e-type=\"widget\" data-widget_type=\"text-editor.default\">\n\t\t\t\t<div class=\"elementor-widget-container\">\n\t\t\t\t\t\t\t\t\t<p>M\u00e1s de 6 a\u00f1os de experiencia en derecho tributario, con un enfoque especial en el dise\u00f1o de estrategia de defensa en litigios judiciales tributarios en las diversas instancias del Poder Judicial: procesos contenciosos administrativos, procesos de ejecuci\u00f3n judicial y procesos constitucionales de amparo.<br \/>Asimismo, cuenta con experiencia en procedimientos contenciosos y no contenciosos tributarios ante las distintas autoridades tributarias, asesorando a los principales contribuyentes nacionales de distintos sectores de la econom\u00eda.<br \/>Adicionalmente, en su desarrollo profesional, ha colaborado en la asesor\u00eda a empresas del sector minero en proyectos de inversi\u00f3n con el Estado Peruano y Convenios de Estabilidad, as\u00ed como en los procedimientos de devoluci\u00f3n de IGV vinculado a Reg\u00edmenes especiales.<\/p>\t\t\t\t\t\t\t\t<\/div>\n\t\t\t\t<\/div>\n\t\t\t\t<div class=\"elementor-element elementor-element-ca5a63a elementor-widget-divider--view-line elementor-widget elementor-widget-divider\" data-id=\"ca5a63a\" data-element_type=\"widget\" data-e-type=\"widget\" data-widget_type=\"divider.default\">\n\t\t\t\t<div class=\"elementor-widget-container\">\n\t\t\t\t\t\t\t<div class=\"elementor-divider\">\n\t\t\t<span class=\"elementor-divider-separator\">\n\t\t\t\t\t\t<\/span>\n\t\t<\/div>\n\t\t\t\t\t\t<\/div>\n\t\t\t\t<\/div>\n\t\t\t\t<div class=\"elementor-element elementor-element-c296872 elementor-widget elementor-widget-heading\" data-id=\"c296872\" data-element_type=\"widget\" data-e-type=\"widget\" data-widget_type=\"heading.default\">\n\t\t\t\t<div class=\"elementor-widget-container\">\n\t\t\t\t\t<h3 class=\"elementor-heading-title elementor-size-default\">Educaci\u00f3n<\/h3>\t\t\t\t<\/div>\n\t\t\t\t<\/div>\n\t\t\t\t<div class=\"elementor-element elementor-element-307853c elementor-widget elementor-widget-text-editor\" data-id=\"307853c\" data-element_type=\"widget\" data-e-type=\"widget\" data-widget_type=\"text-editor.default\">\n\t\t\t\t<div class=\"elementor-widget-container\">\n\t\t\t\t\t\t\t\t\t<ul><li>Magister en Tributaci\u00f3n por la Escuela de Postgrado de la Universidad Peruana de Ciencias Aplicadas (2021-2023)<\/li><li>Egresada de la Universidad Peruana de Ciencias Aplicadas (2018)<\/li><\/ul>\t\t\t\t\t\t\t\t<\/div>\n\t\t\t\t<\/div>\n\t\t\t\t<div class=\"elementor-element elementor-element-4a0c8e4 elementor-widget elementor-widget-heading\" data-id=\"4a0c8e4\" data-element_type=\"widget\" data-e-type=\"widget\" data-widget_type=\"heading.default\">\n\t\t\t\t<div class=\"elementor-widget-container\">\n\t\t\t\t\t<h3 class=\"elementor-heading-title elementor-size-default\">Afiliaciones<\/h3>\t\t\t\t<\/div>\n\t\t\t\t<\/div>\n\t\t\t\t<div class=\"elementor-element elementor-element-da659a4 elementor-widget elementor-widget-text-editor\" data-id=\"da659a4\" data-element_type=\"widget\" data-e-type=\"widget\" data-widget_type=\"text-editor.default\">\n\t\t\t\t<div class=\"elementor-widget-container\">\n\t\t\t\t\t\t\t\t\t<ul><li>Asociaci\u00f3n Fiscal Internacional \u2013 IFA Per\u00fa (2024)<\/li><li>Instituto Peruano de Derecho Tributario \u2013 IPDT (2024)<\/li><li>Colegio de Abogados de Lima &#8211; CAL (2021)<\/li><\/ul>\t\t\t\t\t\t\t\t<\/div>\n\t\t\t\t<\/div>\n\t\t\t\t<div class=\"elementor-element elementor-element-c339b7f elementor-widget elementor-widget-heading\" data-id=\"c339b7f\" data-element_type=\"widget\" data-e-type=\"widget\" data-widget_type=\"heading.default\">\n\t\t\t\t<div class=\"elementor-widget-container\">\n\t\t\t\t\t<h3 class=\"elementor-heading-title elementor-size-default\">Experiencia Previa<\/h3>\t\t\t\t<\/div>\n\t\t\t\t<\/div>\n\t\t\t\t<div class=\"elementor-element elementor-element-8a14cba elementor-widget elementor-widget-text-editor\" data-id=\"8a14cba\" data-element_type=\"widget\" data-e-type=\"widget\" data-widget_type=\"text-editor.default\">\n\t\t\t\t<div class=\"elementor-widget-container\">\n\t\t\t\t\t\t\t\t\t<ul><li>Asociada del \u00e1rea tributaria de Zuzunaga &amp; Assereto Abogados (2023 \u2013 2024)<\/li><li>Staff del \u00e1rea de Litigios Judiciales Tributarios de EY Per\u00fa (2021 \u2013 2023)<\/li><li>Asistente legal del \u00e1rea tributaria de Zuzunaga, Assereto &amp; Zegarra Abogados (2018 \u2013 2019)<\/li><\/ul>\t\t\t\t\t\t\t\t<\/div>\n\t\t\t\t<\/div>\n\t\t\t\t<div class=\"elementor-element elementor-element-aafcb91 elementor-widget elementor-widget-heading\" data-id=\"aafcb91\" data-element_type=\"widget\" data-e-type=\"widget\" data-widget_type=\"heading.default\">\n\t\t\t\t<div class=\"elementor-widget-container\">\n\t\t\t\t\t<h3 class=\"elementor-heading-title elementor-size-default\">Idiomas<\/h3>\t\t\t\t<\/div>\n\t\t\t\t<\/div>\n\t\t\t\t<div class=\"elementor-element elementor-element-187c2a9 elementor-widget elementor-widget-text-editor\" data-id=\"187c2a9\" data-element_type=\"widget\" data-e-type=\"widget\" data-widget_type=\"text-editor.default\">\n\t\t\t\t<div class=\"elementor-widget-container\">\n\t\t\t\t\t\t\t\t\t<ul><li><span style=\"font-weight: 400;\">Espa\u00f1ol e ingl\u00e9s<\/span><\/li><\/ul>\t\t\t\t\t\t\t\t<\/div>\n\t\t\t\t<\/div>\n\t\t\t\t<\/div>\n\t\t\t\t\t<\/div>\n\t\t\t\t<\/div>\n\t\t\t\t<\/div>\n\t\t","protected":false},"excerpt":{"rendered":"<p>Linkedin Jazm\u00edn De la Cruz Asociada junior jazmin.delacruz@zegarrallc.com M\u00e1s de 6 a\u00f1os de experiencia en derecho tributario, con un enfoque especial en el dise\u00f1o de estrategia de defensa en litigios judiciales tributarios en las diversas instancias del Poder Judicial: procesos contenciosos administrativos, procesos de ejecuci\u00f3n judicial y procesos constitucionales de amparo.Asimismo, cuenta con experiencia en [&hellip;]<\/p>\n","protected":false},"author":4,"featured_media":239,"parent":716,"menu_order":0,"comment_status":"closed","ping_status":"closed","template":"elementor_header_footer","meta":{"footnotes":""},"class_list":["post-1001","page","type-page","status-publish","has-post-thumbnail","hentry"],"yoast_head":"<!-- This site is optimized with the Yoast SEO plugin v27.3 - https:\/\/yoast.com\/product\/yoast-seo-wordpress\/ -->\n<title>Jazm\u00edn De la Cruz - Zegarra LLC Abogados<\/title>\n<meta name=\"description\" content=\"Jazm\u00edn De la Cruz, Asociada Junior en Zegarra LLC, experta en derecho tributario y defensa en litigios judiciales. Conoce m\u00e1s\" \/>\n<meta name=\"robots\" content=\"index, follow, max-snippet:-1, max-image-preview:large, max-video-preview:-1\" \/>\n<link rel=\"canonical\" href=\"https:\/\/zegarrallc.com\/en\/equipo\/jazmin-de-la-cruz\/\" \/>\n<meta property=\"og:locale\" content=\"en_US\" \/>\n<meta property=\"og:type\" content=\"article\" \/>\n<meta property=\"og:title\" content=\"Jazm\u00edn De la Cruz - Zegarra LLC Abogados\" \/>\n<meta property=\"og:description\" content=\"Jazm\u00edn De la Cruz, Asociada Junior en Zegarra LLC, experta en derecho tributario y defensa en litigios judiciales. Conoce m\u00e1s\" \/>\n<meta property=\"og:url\" content=\"https:\/\/zegarrallc.com\/en\/equipo\/jazmin-de-la-cruz\/\" \/>\n<meta property=\"og:site_name\" content=\"Zegarra LLC Abogados\" \/>\n<meta property=\"article:modified_time\" content=\"2025-04-02T14:59:57+00:00\" \/>\n<meta property=\"og:image\" content=\"https:\/\/zegarrallc.com\/wp-content\/uploads\/2024\/05\/JazminDeLaCruz.jpg\" \/>\n\t<meta property=\"og:image:width\" content=\"800\" \/>\n\t<meta property=\"og:image:height\" content=\"1000\" \/>\n\t<meta property=\"og:image:type\" content=\"image\/jpeg\" \/>\n<meta name=\"twitter:card\" content=\"summary_large_image\" \/>\n<meta name=\"twitter:label1\" content=\"Est. reading time\" \/>\n\t<meta name=\"twitter:data1\" content=\"2 minutes\" \/>\n<script type=\"application\/ld+json\" class=\"yoast-schema-graph\">{\"@context\":\"https:\\\/\\\/schema.org\",\"@graph\":[{\"@type\":\"WebPage\",\"@id\":\"https:\\\/\\\/zegarrallc.com\\\/equipo\\\/jazmin-de-la-cruz\\\/\",\"url\":\"https:\\\/\\\/zegarrallc.com\\\/equipo\\\/jazmin-de-la-cruz\\\/\",\"name\":\"Jazm\u00edn De la Cruz - Zegarra LLC Abogados\",\"isPartOf\":{\"@id\":\"https:\\\/\\\/zegarrallc.com\\\/#website\"},\"primaryImageOfPage\":{\"@id\":\"https:\\\/\\\/zegarrallc.com\\\/equipo\\\/jazmin-de-la-cruz\\\/#primaryimage\"},\"image\":{\"@id\":\"https:\\\/\\\/zegarrallc.com\\\/equipo\\\/jazmin-de-la-cruz\\\/#primaryimage\"},\"thumbnailUrl\":\"https:\\\/\\\/zegarrallc.com\\\/wp-content\\\/uploads\\\/2024\\\/05\\\/JazminDeLaCruz.jpg\",\"datePublished\":\"2024-05-30T03:17:56+00:00\",\"dateModified\":\"2025-04-02T14:59:57+00:00\",\"description\":\"Jazm\u00edn De la Cruz, Asociada Junior en Zegarra LLC, experta en derecho tributario y defensa en litigios judiciales. Conoce m\u00e1s\",\"breadcrumb\":{\"@id\":\"https:\\\/\\\/zegarrallc.com\\\/equipo\\\/jazmin-de-la-cruz\\\/#breadcrumb\"},\"inLanguage\":\"en-US\",\"potentialAction\":[{\"@type\":\"ReadAction\",\"target\":[\"https:\\\/\\\/zegarrallc.com\\\/equipo\\\/jazmin-de-la-cruz\\\/\"]}]},{\"@type\":\"ImageObject\",\"inLanguage\":\"en-US\",\"@id\":\"https:\\\/\\\/zegarrallc.com\\\/equipo\\\/jazmin-de-la-cruz\\\/#primaryimage\",\"url\":\"https:\\\/\\\/zegarrallc.com\\\/wp-content\\\/uploads\\\/2024\\\/05\\\/JazminDeLaCruz.jpg\",\"contentUrl\":\"https:\\\/\\\/zegarrallc.com\\\/wp-content\\\/uploads\\\/2024\\\/05\\\/JazminDeLaCruz.jpg\",\"width\":800,\"height\":1000,\"caption\":\"Jazm\u00edn De la Cruz, Asociada Junior en Zegarra LLC\"},{\"@type\":\"BreadcrumbList\",\"@id\":\"https:\\\/\\\/zegarrallc.com\\\/equipo\\\/jazmin-de-la-cruz\\\/#breadcrumb\",\"itemListElement\":[{\"@type\":\"ListItem\",\"position\":1,\"name\":\"Portada\",\"item\":\"https:\\\/\\\/zegarrallc.com\\\/\"},{\"@type\":\"ListItem\",\"position\":2,\"name\":\"Equipo\",\"item\":\"https:\\\/\\\/zegarrallc.com\\\/equipo\\\/\"},{\"@type\":\"ListItem\",\"position\":3,\"name\":\"Jazm\u00edn De la Cruz\"}]},{\"@type\":\"WebSite\",\"@id\":\"https:\\\/\\\/zegarrallc.com\\\/#website\",\"url\":\"https:\\\/\\\/zegarrallc.com\\\/\",\"name\":\"Zegarra LLC Abogados\",\"description\":\"Boutique legal especializada en Derecho Tributario y Corporativo\",\"publisher\":{\"@id\":\"https:\\\/\\\/zegarrallc.com\\\/#organization\"},\"potentialAction\":[{\"@type\":\"SearchAction\",\"target\":{\"@type\":\"EntryPoint\",\"urlTemplate\":\"https:\\\/\\\/zegarrallc.com\\\/?s={search_term_string}\"},\"query-input\":{\"@type\":\"PropertyValueSpecification\",\"valueRequired\":true,\"valueName\":\"search_term_string\"}}],\"inLanguage\":\"en-US\"},{\"@type\":\"Organization\",\"@id\":\"https:\\\/\\\/zegarrallc.com\\\/#organization\",\"name\":\"Zegarra LLC Abogados\",\"url\":\"https:\\\/\\\/zegarrallc.com\\\/\",\"logo\":{\"@type\":\"ImageObject\",\"inLanguage\":\"en-US\",\"@id\":\"https:\\\/\\\/zegarrallc.com\\\/#\\\/schema\\\/logo\\\/image\\\/\",\"url\":\"https:\\\/\\\/zegarrallc.com\\\/wp-content\\\/uploads\\\/2024\\\/05\\\/2.png\",\"contentUrl\":\"https:\\\/\\\/zegarrallc.com\\\/wp-content\\\/uploads\\\/2024\\\/05\\\/2.png\",\"width\":1300,\"height\":348,\"caption\":\"Zegarra LLC Abogados\"},\"image\":{\"@id\":\"https:\\\/\\\/zegarrallc.com\\\/#\\\/schema\\\/logo\\\/image\\\/\"},\"sameAs\":[\"https:\\\/\\\/www.linkedin.com\\\/company\\\/zegarra-llc-abogados\\\/\"]}]}<\/script>\n<!-- \/ Yoast SEO plugin. -->","yoast_head_json":{"title":"Jazm\u00edn De la Cruz - Zegarra LLC Abogados","description":"Jazm\u00edn De la Cruz, Asociada Junior en Zegarra LLC, experta en derecho tributario y defensa en litigios judiciales. Conoce m\u00e1s","robots":{"index":"index","follow":"follow","max-snippet":"max-snippet:-1","max-image-preview":"max-image-preview:large","max-video-preview":"max-video-preview:-1"},"canonical":"https:\/\/zegarrallc.com\/en\/equipo\/jazmin-de-la-cruz\/","og_locale":"en_US","og_type":"article","og_title":"Jazm\u00edn De la Cruz - Zegarra LLC Abogados","og_description":"Jazm\u00edn De la Cruz, Asociada Junior en Zegarra LLC, experta en derecho tributario y defensa en litigios judiciales. Conoce m\u00e1s","og_url":"https:\/\/zegarrallc.com\/en\/equipo\/jazmin-de-la-cruz\/","og_site_name":"Zegarra LLC Abogados","article_modified_time":"2025-04-02T14:59:57+00:00","og_image":[{"width":800,"height":1000,"url":"https:\/\/zegarrallc.com\/wp-content\/uploads\/2024\/05\/JazminDeLaCruz.jpg","type":"image\/jpeg"}],"twitter_card":"summary_large_image","twitter_misc":{"Est. reading time":"2 minutes"},"schema":{"@context":"https:\/\/schema.org","@graph":[{"@type":"WebPage","@id":"https:\/\/zegarrallc.com\/equipo\/jazmin-de-la-cruz\/","url":"https:\/\/zegarrallc.com\/equipo\/jazmin-de-la-cruz\/","name":"Jazm\u00edn De la Cruz - Zegarra LLC Abogados","isPartOf":{"@id":"https:\/\/zegarrallc.com\/#website"},"primaryImageOfPage":{"@id":"https:\/\/zegarrallc.com\/equipo\/jazmin-de-la-cruz\/#primaryimage"},"image":{"@id":"https:\/\/zegarrallc.com\/equipo\/jazmin-de-la-cruz\/#primaryimage"},"thumbnailUrl":"https:\/\/zegarrallc.com\/wp-content\/uploads\/2024\/05\/JazminDeLaCruz.jpg","datePublished":"2024-05-30T03:17:56+00:00","dateModified":"2025-04-02T14:59:57+00:00","description":"Jazm\u00edn De la Cruz, Asociada Junior en Zegarra LLC, experta en derecho tributario y defensa en litigios judiciales. Conoce m\u00e1s","breadcrumb":{"@id":"https:\/\/zegarrallc.com\/equipo\/jazmin-de-la-cruz\/#breadcrumb"},"inLanguage":"en-US","potentialAction":[{"@type":"ReadAction","target":["https:\/\/zegarrallc.com\/equipo\/jazmin-de-la-cruz\/"]}]},{"@type":"ImageObject","inLanguage":"en-US","@id":"https:\/\/zegarrallc.com\/equipo\/jazmin-de-la-cruz\/#primaryimage","url":"https:\/\/zegarrallc.com\/wp-content\/uploads\/2024\/05\/JazminDeLaCruz.jpg","contentUrl":"https:\/\/zegarrallc.com\/wp-content\/uploads\/2024\/05\/JazminDeLaCruz.jpg","width":800,"height":1000,"caption":"Jazm\u00edn De la Cruz, Asociada Junior en Zegarra LLC"},{"@type":"BreadcrumbList","@id":"https:\/\/zegarrallc.com\/equipo\/jazmin-de-la-cruz\/#breadcrumb","itemListElement":[{"@type":"ListItem","position":1,"name":"Portada","item":"https:\/\/zegarrallc.com\/"},{"@type":"ListItem","position":2,"name":"Equipo","item":"https:\/\/zegarrallc.com\/equipo\/"},{"@type":"ListItem","position":3,"name":"Jazm\u00edn De la Cruz"}]},{"@type":"WebSite","@id":"https:\/\/zegarrallc.com\/#website","url":"https:\/\/zegarrallc.com\/","name":"Zegarra LLC Abogados,","description":"Boutique law <br>firm specializing in \n<br>Tax and Corporate Law","publisher":{"@id":"https:\/\/zegarrallc.com\/#organization"},"potentialAction":[{"@type":"SearchAction","target":{"@type":"EntryPoint","urlTemplate":"https:\/\/zegarrallc.com\/?s={search_term_string}"},"query-input":{"@type":"PropertyValueSpecification","valueRequired":true,"valueName":"search_term_string"}}],"inLanguage":"en-US"},{"@type":"Organization","@id":"https:\/\/zegarrallc.com\/#organization","name":"Zegarra LLC Abogados,","url":"https:\/\/zegarrallc.com\/","logo":{"@type":"ImageObject","inLanguage":"en-US","@id":"https:\/\/zegarrallc.com\/#\/schema\/logo\/image\/","url":"https:\/\/zegarrallc.com\/wp-content\/uploads\/2024\/05\/2.png","contentUrl":"https:\/\/zegarrallc.com\/wp-content\/uploads\/2024\/05\/2.png","width":1300,"height":348,"caption":"Zegarra LLC Abogados"},"image":{"@id":"https:\/\/zegarrallc.com\/#\/schema\/logo\/image\/"},"sameAs":["https:\/\/www.linkedin.com\/company\/zegarra-llc-abogados\/"]}]}},"_links":{"self":[{"href":"https:\/\/zegarrallc.com\/en\/wp-json\/wp\/v2\/pages\/1001","targetHints":{"allow":["GET"]}}],"collection":[{"href":"https:\/\/zegarrallc.com\/en\/wp-json\/wp\/v2\/pages"}],"about":[{"href":"https:\/\/zegarrallc.com\/en\/wp-json\/wp\/v2\/types\/page"}],"author":[{"embeddable":true,"href":"https:\/\/zegarrallc.com\/en\/wp-json\/wp\/v2\/users\/4"}],"replies":[{"embeddable":true,"href":"https:\/\/zegarrallc.com\/en\/wp-json\/wp\/v2\/comments?post=1001"}],"version-history":[{"count":20,"href":"https:\/\/zegarrallc.com\/en\/wp-json\/wp\/v2\/pages\/1001\/revisions"}],"predecessor-version":[{"id":1874,"href":"https:\/\/zegarrallc.com\/en\/wp-json\/wp\/v2\/pages\/1001\/revisions\/1874"}],"up":[{"embeddable":true,"href":"https:\/\/zegarrallc.com\/en\/wp-json\/wp\/v2\/pages\/716"}],"wp:featuredmedia":[{"embeddable":true,"href":"https:\/\/zegarrallc.com\/en\/wp-json\/wp\/v2\/media\/239"}],"wp:attachment":[{"href":"https:\/\/zegarrallc.com\/en\/wp-json\/wp\/v2\/media?parent=1001"}],"curies":[{"name":"wp","href":"https:\/\/api.w.org\/{rel}","templated":true}]}}