{"id":315,"date":"2024-05-27T01:48:12","date_gmt":"2024-05-26T23:48:12","guid":{"rendered":"https:\/\/zegarrallc.com\/?page_id=315"},"modified":"2026-04-09T11:28:19","modified_gmt":"2026-04-09T16:28:19","slug":"inicio","status":"publish","type":"page","link":"https:\/\/zegarrallc.com\/en\/","title":{"rendered":"Home"},"content":{"rendered":"<div data-elementor-type=\"wp-page\" data-elementor-id=\"315\" class=\"elementor elementor-315\" data-elementor-post-type=\"page\">\n\t\t\t\t<div class=\"elementor-element elementor-element-a539859 e-flex e-con-boxed e-con e-parent\" data-id=\"a539859\" data-element_type=\"container\" data-e-type=\"container\" data-settings=\"{&quot;background_background&quot;:&quot;classic&quot;}\">\n\t\t\t\t\t<div class=\"e-con-inner\">\n\t\t<div class=\"elementor-element elementor-element-d413a1f e-con-full e-flex elementor-invisible e-con e-child\" data-id=\"d413a1f\" data-element_type=\"container\" data-e-type=\"container\" data-settings=\"{&quot;animation&quot;:&quot;fadeIn&quot;}\">\n\t\t\t\t<div class=\"elementor-element elementor-element-f3e0e41 elementor-invisible elementor-widget elementor-widget-heading\" data-id=\"f3e0e41\" data-element_type=\"widget\" data-e-type=\"widget\" data-settings=\"{&quot;_animation&quot;:&quot;fadeInUp&quot;,&quot;_animation_mobile&quot;:&quot;none&quot;,&quot;_animation_delay&quot;:0}\" data-widget_type=\"heading.default\">\n\t\t\t\t<div class=\"elementor-widget-container\">\n\t\t\t\t\t<h1 class=\"elementor-heading-title elementor-size-default\">ZEGARRA LLC ABOGADOS<\/h1>\t\t\t\t<\/div>\n\t\t\t\t<\/div>\n\t\t\t\t<div class=\"elementor-element elementor-element-1d1089b elementor-hidden-desktop elementor-hidden-tablet elementor-invisible elementor-widget elementor-widget-image\" data-id=\"1d1089b\" data-element_type=\"widget\" data-e-type=\"widget\" data-settings=\"{&quot;_animation&quot;:&quot;fadeInUp&quot;,&quot;_animation_mobile&quot;:&quot;zoomIn&quot;}\" data-widget_type=\"image.default\">\n\t\t\t\t<div class=\"elementor-widget-container\">\n\t\t\t\t\t\t\t\t\t\t\t\t\t\t\t<img loading=\"lazy\" decoding=\"async\" width=\"800\" height=\"666\" src=\"https:\/\/zegarrallc.com\/wp-content\/uploads\/2026\/01\/Diseno-sin-titulo-_33_-1024x853.webp\" class=\"attachment-large size-large wp-image-2317\" alt=\"\" srcset=\"https:\/\/zegarrallc.com\/wp-content\/uploads\/2026\/01\/Diseno-sin-titulo-_33_-1024x853.webp 1024w, https:\/\/zegarrallc.com\/wp-content\/uploads\/2026\/01\/Diseno-sin-titulo-_33_-300x250.webp 300w, https:\/\/zegarrallc.com\/wp-content\/uploads\/2026\/01\/Diseno-sin-titulo-_33_-768x640.webp 768w, https:\/\/zegarrallc.com\/wp-content\/uploads\/2026\/01\/Diseno-sin-titulo-_33_-14x12.webp 14w, https:\/\/zegarrallc.com\/wp-content\/uploads\/2026\/01\/Diseno-sin-titulo-_33_.webp 1200w\" sizes=\"auto, (max-width: 800px) 100vw, 800px\" \/>\t\t\t\t\t\t\t\t\t\t\t\t\t\t\t<\/div>\n\t\t\t\t<\/div>\n\t\t\t\t<div class=\"elementor-element elementor-element-05fec71 elementor-invisible elementor-widget elementor-widget-heading\" data-id=\"05fec71\" data-element_type=\"widget\" data-e-type=\"widget\" data-settings=\"{&quot;_animation&quot;:&quot;fadeInUp&quot;,&quot;_animation_delay&quot;:300}\" data-widget_type=\"heading.default\">\n\t\t\t\t<div class=\"elementor-widget-container\">\n\t\t\t\t\t<h2 class=\"elementor-heading-title elementor-size-default\">Boutique law <br>firm specializing in \n<br>Tax and Corporate Law\n<\/h2>\t\t\t\t<\/div>\n\t\t\t\t<\/div>\n\t\t\t\t<div class=\"elementor-element elementor-element-6162200 elementor-invisible elementor-widget elementor-widget-button\" data-id=\"6162200\" data-element_type=\"widget\" data-e-type=\"widget\" data-settings=\"{&quot;_animation&quot;:&quot;fadeInUp&quot;,&quot;_animation_delay&quot;:900}\" data-widget_type=\"button.default\">\n\t\t\t\t<div class=\"elementor-widget-container\">\n\t\t\t\t\t\t\t\t\t<div class=\"elementor-button-wrapper\">\n\t\t\t\t\t<a class=\"elementor-button elementor-button-link elementor-size-sm\" href=\"\/en\/nosotros\/\">\n\t\t\t\t\t\t<span class=\"elementor-button-content-wrapper\">\n\t\t\t\t\t\t<span class=\"elementor-button-icon\">\n\t\t\t\t<i aria-hidden=\"true\" class=\"fas fa-long-arrow-alt-right\"><\/i>\t\t\t<\/span>\n\t\t\t\t\t\t\t\t\t<span class=\"elementor-button-text\">About Us<\/span>\n\t\t\t\t\t<\/span>\n\t\t\t\t\t<\/a>\n\t\t\t\t<\/div>\n\t\t\t\t\t\t\t\t<\/div>\n\t\t\t\t<\/div>\n\t\t\t\t<\/div>\n\t\t<div class=\"elementor-element elementor-element-80831cb elementor-hidden-mobile animated-slow e-flex e-con-boxed elementor-invisible e-con e-child\" data-id=\"80831cb\" data-element_type=\"container\" data-e-type=\"container\" data-settings=\"{&quot;animation&quot;:&quot;zoomIn&quot;,&quot;animation_delay&quot;:900}\">\n\t\t\t\t\t<div class=\"e-con-inner\">\n\t\t<div class=\"elementor-element elementor-element-62b0f61 e-flex e-con-boxed elementor-invisible e-con e-child\" data-id=\"62b0f61\" data-element_type=\"container\" data-e-type=\"container\" data-settings=\"{&quot;animation_delay&quot;:300,&quot;animation&quot;:&quot;fadeInUp&quot;}\">\n\t\t\t\t\t<div class=\"e-con-inner\">\n\t\t\t\t<div class=\"elementor-element elementor-element-ba95c5c elementor-widget elementor-widget-image\" data-id=\"ba95c5c\" data-element_type=\"widget\" data-e-type=\"widget\" data-widget_type=\"image.default\">\n\t\t\t\t<div class=\"elementor-widget-container\">\n\t\t\t\t\t\t\t\t\t\t\t\t\t\t\t<img loading=\"lazy\" decoding=\"async\" width=\"1200\" height=\"1000\" src=\"https:\/\/zegarrallc.com\/wp-content\/uploads\/2026\/01\/Diseno-sin-titulo-_33_.webp\" class=\"attachment-full size-full wp-image-2317\" alt=\"\" srcset=\"https:\/\/zegarrallc.com\/wp-content\/uploads\/2026\/01\/Diseno-sin-titulo-_33_.webp 1200w, https:\/\/zegarrallc.com\/wp-content\/uploads\/2026\/01\/Diseno-sin-titulo-_33_-300x250.webp 300w, https:\/\/zegarrallc.com\/wp-content\/uploads\/2026\/01\/Diseno-sin-titulo-_33_-1024x853.webp 1024w, https:\/\/zegarrallc.com\/wp-content\/uploads\/2026\/01\/Diseno-sin-titulo-_33_-768x640.webp 768w, https:\/\/zegarrallc.com\/wp-content\/uploads\/2026\/01\/Diseno-sin-titulo-_33_-14x12.webp 14w\" sizes=\"auto, (max-width: 1200px) 100vw, 1200px\" \/>\t\t\t\t\t\t\t\t\t\t\t\t\t\t\t<\/div>\n\t\t\t\t<\/div>\n\t\t\t\t\t<\/div>\n\t\t\t\t<\/div>\n\t\t\t\t\t<\/div>\n\t\t\t\t<\/div>\n\t\t\t\t\t<\/div>\n\t\t\t\t<\/div>\n\t\t<div class=\"elementor-element elementor-element-2d06299 e-flex e-con-boxed e-con e-parent\" data-id=\"2d06299\" data-element_type=\"container\" data-e-type=\"container\" data-settings=\"{&quot;background_background&quot;:&quot;classic&quot;}\">\n\t\t\t\t\t<div class=\"e-con-inner\">\n\t\t<div class=\"elementor-element elementor-element-ffd1c49 animated-slow e-flex e-con-boxed elementor-invisible e-con e-child\" data-id=\"ffd1c49\" data-element_type=\"container\" data-e-type=\"container\" data-settings=\"{&quot;background_background&quot;:&quot;classic&quot;,&quot;animation&quot;:&quot;fadeInUp&quot;,&quot;animation_delay&quot;:1200}\">\n\t\t\t\t\t<div class=\"e-con-inner\">\n\t\t<div class=\"elementor-element elementor-element-c1d2aac e-flex e-con-boxed elementor-invisible e-con e-child\" data-id=\"c1d2aac\" data-element_type=\"container\" data-e-type=\"container\" data-settings=\"{&quot;animation&quot;:&quot;fadeInUp&quot;}\">\n\t\t\t\t\t<div class=\"e-con-inner\">\n\t\t\t\t<div class=\"elementor-element elementor-element-7d55e0a elementor-invisible elementor-widget elementor-widget-heading\" data-id=\"7d55e0a\" data-element_type=\"widget\" data-e-type=\"widget\" data-settings=\"{&quot;_animation&quot;:&quot;fadeInUp&quot;}\" data-widget_type=\"heading.default\">\n\t\t\t\t<div class=\"elementor-widget-container\">\n\t\t\t\t\t<h3 class=\"elementor-heading-title elementor-size-default\">About<\/h3>\t\t\t\t<\/div>\n\t\t\t\t<\/div>\n\t\t\t\t<div class=\"elementor-element elementor-element-2ec2736 elementor-invisible elementor-widget elementor-widget-heading\" data-id=\"2ec2736\" data-element_type=\"widget\" data-e-type=\"widget\" data-settings=\"{&quot;_animation&quot;:&quot;fadeInUp&quot;,&quot;_animation_delay&quot;:300}\" data-widget_type=\"heading.default\">\n\t\t\t\t<div class=\"elementor-widget-container\">\n\t\t\t\t\t<h2 class=\"elementor-heading-title elementor-size-default\">Tailored solutions for each project<\/h2>\t\t\t\t<\/div>\n\t\t\t\t<\/div>\n\t\t\t\t<div class=\"elementor-element elementor-element-e142388 elementor-widget-divider--view-line elementor-invisible elementor-widget elementor-widget-divider\" data-id=\"e142388\" data-element_type=\"widget\" data-e-type=\"widget\" data-settings=\"{&quot;_animation&quot;:&quot;fadeInUp&quot;,&quot;_animation_delay&quot;:300}\" data-widget_type=\"divider.default\">\n\t\t\t\t<div class=\"elementor-widget-container\">\n\t\t\t\t\t\t\t<div class=\"elementor-divider\">\n\t\t\t<span class=\"elementor-divider-separator\">\n\t\t\t\t\t\t<\/span>\n\t\t<\/div>\n\t\t\t\t\t\t<\/div>\n\t\t\t\t<\/div>\n\t\t\t\t<div class=\"elementor-element elementor-element-f9a5073 elementor-invisible elementor-widget elementor-widget-text-editor\" data-id=\"f9a5073\" data-element_type=\"widget\" data-e-type=\"widget\" data-settings=\"{&quot;_animation&quot;:&quot;fadeInUp&quot;,&quot;_animation_delay&quot;:900}\" data-widget_type=\"text-editor.default\">\n\t\t\t\t<div class=\"elementor-widget-container\">\n\t\t\t\t\t\t\t\t\t<p>The firm is backed by the recognized and extensive experience of over 25 years of teamwork from our founding partners, <strong>Juan Carlos Zegarra and Evelyn Yauri<\/strong><\/p>\t\t\t\t\t\t\t\t<\/div>\n\t\t\t\t<\/div>\n\t\t\t\t\t<\/div>\n\t\t\t\t<\/div>\n\t\t<div class=\"elementor-element elementor-element-afa669e e-flex e-con-boxed elementor-invisible e-con e-child\" data-id=\"afa669e\" data-element_type=\"container\" data-e-type=\"container\" data-settings=\"{&quot;background_background&quot;:&quot;classic&quot;,&quot;animation&quot;:&quot;fadeIn&quot;}\">\n\t\t\t\t\t<div class=\"e-con-inner\">\n\t\t\t\t\t<\/div>\n\t\t\t\t<\/div>\n\t\t\t\t\t<\/div>\n\t\t\t\t<\/div>\n\t\t\t\t\t<\/div>\n\t\t\t\t<\/div>\n\t\t\t\t<\/div>","protected":false},"excerpt":{"rendered":"<p>ZEGARRA LLC ABOGADOS Boutique legal especializada en Derecho Tributario y Corporativo Nosotros Acerca Soluciones a la medida de cada proyecto La Firma est\u00e1 respaldada por la reconocida y amplia experiencia de m\u00e1s de 25 a\u00f1os de trabajo en equipo de nuestros socios fundadores Juan Carlos Zegarra y Evelyn Yauri<\/p>","protected":false},"author":4,"featured_media":1142,"parent":0,"menu_order":0,"comment_status":"closed","ping_status":"closed","template":"elementor_header_footer","meta":{"footnotes":""},"class_list":["post-315","page","type-page","status-publish","has-post-thumbnail","hentry"],"yoast_head":"<!-- This site is optimized with the Yoast SEO plugin v27.3 - https:\/\/yoast.com\/product\/yoast-seo-wordpress\/ -->\n<title>Inicio - Zegarra LLC Abogados<\/title>\n<meta name=\"description\" content=\"Boutique legal especializada en Derecho Tributario y Corporativo. Cont\u00e1ctanos para una atenci\u00f3n personalizada.\" \/>\n<meta name=\"robots\" content=\"index, follow, max-snippet:-1, max-image-preview:large, max-video-preview:-1\" \/>\n<link rel=\"canonical\" href=\"https:\/\/zegarrallc.com\/en\/\" \/>\n<meta property=\"og:locale\" content=\"en_US\" \/>\n<meta property=\"og:type\" content=\"article\" \/>\n<meta property=\"og:title\" content=\"Inicio - Zegarra LLC Abogados\" \/>\n<meta property=\"og:description\" content=\"Boutique legal especializada en Derecho Tributario y Corporativo. Cont\u00e1ctanos para una atenci\u00f3n personalizada.\" \/>\n<meta property=\"og:url\" content=\"https:\/\/zegarrallc.com\/en\/\" \/>\n<meta property=\"og:site_name\" content=\"Zegarra LLC Abogados\" \/>\n<meta property=\"article:modified_time\" content=\"2026-04-09T16:28:19+00:00\" \/>\n<meta property=\"og:image\" content=\"https:\/\/zegarrallc.com\/wp-content\/uploads\/2024\/06\/Equipo-Zegarra-LLC-Abogados.webp\" \/>\n\t<meta property=\"og:image:width\" content=\"1200\" \/>\n\t<meta property=\"og:image:height\" content=\"1000\" \/>\n\t<meta property=\"og:image:type\" content=\"image\/webp\" \/>\n<meta name=\"twitter:card\" content=\"summary_large_image\" \/>\n<meta name=\"twitter:label1\" content=\"Est. reading time\" \/>\n\t<meta name=\"twitter:data1\" content=\"1 minute\" \/>\n<script type=\"application\/ld+json\" class=\"yoast-schema-graph\">{\"@context\":\"https:\\\/\\\/schema.org\",\"@graph\":[{\"@type\":\"WebPage\",\"@id\":\"https:\\\/\\\/zegarrallc.com\\\/\",\"url\":\"https:\\\/\\\/zegarrallc.com\\\/\",\"name\":\"Inicio - Zegarra LLC Abogados\",\"isPartOf\":{\"@id\":\"https:\\\/\\\/zegarrallc.com\\\/#website\"},\"primaryImageOfPage\":{\"@id\":\"https:\\\/\\\/zegarrallc.com\\\/#primaryimage\"},\"image\":{\"@id\":\"https:\\\/\\\/zegarrallc.com\\\/#primaryimage\"},\"thumbnailUrl\":\"https:\\\/\\\/zegarrallc.com\\\/wp-content\\\/uploads\\\/2024\\\/06\\\/Equipo-Zegarra-LLC-Abogados.webp\",\"datePublished\":\"2024-05-26T23:48:12+00:00\",\"dateModified\":\"2026-04-09T16:28:19+00:00\",\"description\":\"Boutique legal especializada en Derecho Tributario y Corporativo. Cont\u00e1ctanos para una atenci\u00f3n personalizada.\",\"breadcrumb\":{\"@id\":\"https:\\\/\\\/zegarrallc.com\\\/#breadcrumb\"},\"inLanguage\":\"en-US\",\"potentialAction\":[{\"@type\":\"ReadAction\",\"target\":[\"https:\\\/\\\/zegarrallc.com\\\/\"]}]},{\"@type\":\"ImageObject\",\"inLanguage\":\"en-US\",\"@id\":\"https:\\\/\\\/zegarrallc.com\\\/#primaryimage\",\"url\":\"https:\\\/\\\/zegarrallc.com\\\/wp-content\\\/uploads\\\/2024\\\/06\\\/Equipo-Zegarra-LLC-Abogados.webp\",\"contentUrl\":\"https:\\\/\\\/zegarrallc.com\\\/wp-content\\\/uploads\\\/2024\\\/06\\\/Equipo-Zegarra-LLC-Abogados.webp\",\"width\":1200,\"height\":1000,\"caption\":\"Equipo Legal de ZEGARRA LLC ABOGADOS\"},{\"@type\":\"BreadcrumbList\",\"@id\":\"https:\\\/\\\/zegarrallc.com\\\/#breadcrumb\",\"itemListElement\":[{\"@type\":\"ListItem\",\"position\":1,\"name\":\"Portada\",\"item\":\"https:\\\/\\\/zegarrallc.com\\\/\"},{\"@type\":\"ListItem\",\"position\":2,\"name\":\"Inicio\"}]},{\"@type\":\"WebSite\",\"@id\":\"https:\\\/\\\/zegarrallc.com\\\/#website\",\"url\":\"https:\\\/\\\/zegarrallc.com\\\/\",\"name\":\"Zegarra LLC Abogados\",\"description\":\"Boutique legal especializada en Derecho Tributario y Corporativo\",\"publisher\":{\"@id\":\"https:\\\/\\\/zegarrallc.com\\\/#organization\"},\"potentialAction\":[{\"@type\":\"SearchAction\",\"target\":{\"@type\":\"EntryPoint\",\"urlTemplate\":\"https:\\\/\\\/zegarrallc.com\\\/?s={search_term_string}\"},\"query-input\":{\"@type\":\"PropertyValueSpecification\",\"valueRequired\":true,\"valueName\":\"search_term_string\"}}],\"inLanguage\":\"en-US\"},{\"@type\":\"Organization\",\"@id\":\"https:\\\/\\\/zegarrallc.com\\\/#organization\",\"name\":\"Zegarra LLC Abogados\",\"url\":\"https:\\\/\\\/zegarrallc.com\\\/\",\"logo\":{\"@type\":\"ImageObject\",\"inLanguage\":\"en-US\",\"@id\":\"https:\\\/\\\/zegarrallc.com\\\/#\\\/schema\\\/logo\\\/image\\\/\",\"url\":\"https:\\\/\\\/zegarrallc.com\\\/wp-content\\\/uploads\\\/2024\\\/05\\\/2.png\",\"contentUrl\":\"https:\\\/\\\/zegarrallc.com\\\/wp-content\\\/uploads\\\/2024\\\/05\\\/2.png\",\"width\":1300,\"height\":348,\"caption\":\"Zegarra LLC Abogados\"},\"image\":{\"@id\":\"https:\\\/\\\/zegarrallc.com\\\/#\\\/schema\\\/logo\\\/image\\\/\"},\"sameAs\":[\"https:\\\/\\\/www.linkedin.com\\\/company\\\/zegarra-llc-abogados\\\/\"]}]}<\/script>\n<!-- \/ Yoast SEO plugin. -->","yoast_head_json":{"title":"Inicio - Zegarra LLC Abogados","description":"Boutique legal especializada en Derecho Tributario y Corporativo. Cont\u00e1ctanos para una atenci\u00f3n personalizada.","robots":{"index":"index","follow":"follow","max-snippet":"max-snippet:-1","max-image-preview":"max-image-preview:large","max-video-preview":"max-video-preview:-1"},"canonical":"https:\/\/zegarrallc.com\/en\/","og_locale":"en_US","og_type":"article","og_title":"Inicio - Zegarra LLC Abogados","og_description":"Boutique legal especializada en Derecho Tributario y Corporativo. Cont\u00e1ctanos para una atenci\u00f3n personalizada.","og_url":"https:\/\/zegarrallc.com\/en\/","og_site_name":"Zegarra LLC Abogados","article_modified_time":"2026-04-09T16:28:19+00:00","og_image":[{"width":1200,"height":1000,"url":"https:\/\/zegarrallc.com\/wp-content\/uploads\/2024\/06\/Equipo-Zegarra-LLC-Abogados.webp","type":"image\/webp"}],"twitter_card":"summary_large_image","twitter_misc":{"Est. reading time":"1 minute"},"schema":{"@context":"https:\/\/schema.org","@graph":[{"@type":"WebPage","@id":"https:\/\/zegarrallc.com\/","url":"https:\/\/zegarrallc.com\/","name":"Inicio - Zegarra LLC Abogados","isPartOf":{"@id":"https:\/\/zegarrallc.com\/#website"},"primaryImageOfPage":{"@id":"https:\/\/zegarrallc.com\/#primaryimage"},"image":{"@id":"https:\/\/zegarrallc.com\/#primaryimage"},"thumbnailUrl":"https:\/\/zegarrallc.com\/wp-content\/uploads\/2024\/06\/Equipo-Zegarra-LLC-Abogados.webp","datePublished":"2024-05-26T23:48:12+00:00","dateModified":"2026-04-09T16:28:19+00:00","description":"Boutique legal especializada en Derecho Tributario y Corporativo. Cont\u00e1ctanos para una atenci\u00f3n personalizada.","breadcrumb":{"@id":"https:\/\/zegarrallc.com\/#breadcrumb"},"inLanguage":"en-US","potentialAction":[{"@type":"ReadAction","target":["https:\/\/zegarrallc.com\/"]}]},{"@type":"ImageObject","inLanguage":"en-US","@id":"https:\/\/zegarrallc.com\/#primaryimage","url":"https:\/\/zegarrallc.com\/wp-content\/uploads\/2024\/06\/Equipo-Zegarra-LLC-Abogados.webp","contentUrl":"https:\/\/zegarrallc.com\/wp-content\/uploads\/2024\/06\/Equipo-Zegarra-LLC-Abogados.webp","width":1200,"height":1000,"caption":"Equipo Legal de ZEGARRA LLC ABOGADOS"},{"@type":"BreadcrumbList","@id":"https:\/\/zegarrallc.com\/#breadcrumb","itemListElement":[{"@type":"ListItem","position":1,"name":"Portada","item":"https:\/\/zegarrallc.com\/"},{"@type":"ListItem","position":2,"name":"Inicio"}]},{"@type":"WebSite","@id":"https:\/\/zegarrallc.com\/#website","url":"https:\/\/zegarrallc.com\/","name":"Zegarra LLC Abogados,","description":"Boutique law <br>firm specializing in \n<br>Tax and Corporate Law","publisher":{"@id":"https:\/\/zegarrallc.com\/#organization"},"potentialAction":[{"@type":"SearchAction","target":{"@type":"EntryPoint","urlTemplate":"https:\/\/zegarrallc.com\/?s={search_term_string}"},"query-input":{"@type":"PropertyValueSpecification","valueRequired":true,"valueName":"search_term_string"}}],"inLanguage":"en-US"},{"@type":"Organization","@id":"https:\/\/zegarrallc.com\/#organization","name":"Zegarra LLC Abogados,","url":"https:\/\/zegarrallc.com\/","logo":{"@type":"ImageObject","inLanguage":"en-US","@id":"https:\/\/zegarrallc.com\/#\/schema\/logo\/image\/","url":"https:\/\/zegarrallc.com\/wp-content\/uploads\/2024\/05\/2.png","contentUrl":"https:\/\/zegarrallc.com\/wp-content\/uploads\/2024\/05\/2.png","width":1300,"height":348,"caption":"Zegarra LLC Abogados"},"image":{"@id":"https:\/\/zegarrallc.com\/#\/schema\/logo\/image\/"},"sameAs":["https:\/\/www.linkedin.com\/company\/zegarra-llc-abogados\/"]}]}},"_links":{"self":[{"href":"https:\/\/zegarrallc.com\/en\/wp-json\/wp\/v2\/pages\/315","targetHints":{"allow":["GET"]}}],"collection":[{"href":"https:\/\/zegarrallc.com\/en\/wp-json\/wp\/v2\/pages"}],"about":[{"href":"https:\/\/zegarrallc.com\/en\/wp-json\/wp\/v2\/types\/page"}],"author":[{"embeddable":true,"href":"https:\/\/zegarrallc.com\/en\/wp-json\/wp\/v2\/users\/4"}],"replies":[{"embeddable":true,"href":"https:\/\/zegarrallc.com\/en\/wp-json\/wp\/v2\/comments?post=315"}],"version-history":[{"count":239,"href":"https:\/\/zegarrallc.com\/en\/wp-json\/wp\/v2\/pages\/315\/revisions"}],"predecessor-version":[{"id":2501,"href":"https:\/\/zegarrallc.com\/en\/wp-json\/wp\/v2\/pages\/315\/revisions\/2501"}],"wp:featuredmedia":[{"embeddable":true,"href":"https:\/\/zegarrallc.com\/en\/wp-json\/wp\/v2\/media\/1142"}],"wp:attachment":[{"href":"https:\/\/zegarrallc.com\/en\/wp-json\/wp\/v2\/media?parent=315"}],"curies":[{"name":"wp","href":"https:\/\/api.w.org\/{rel}","templated":true}]}}